{"id":81,"date":"2022-07-23T19:33:45","date_gmt":"2022-07-23T23:33:45","guid":{"rendered":"https:\/\/gammalambda.ca\/?page_id=81"},"modified":"2026-04-21T10:08:39","modified_gmt":"2026-04-21T14:08:39","slug":"gallery","status":"publish","type":"page","link":"https:\/\/gammalambda.ca\/fr\/gallery\/","title":{"rendered":"Salle capitulaire Renos"},"content":{"rendered":"<p>Alors que de nombreux Fr\u00e8res ont particip\u00e9 au fil des ans \u00e0 maintenir la Maison Capitulaire en bon \u00e9tat, des remerciements sp\u00e9ciaux sont adress\u00e9s au Fr\u00e8re J. Robert (Bob) Thibodeau (Gamma Lambda \u201972), un architecte dont le d\u00e9vouement constant a \u00e9t\u00e9 une force motrice derri\u00e8re une grande partie du travail effectu\u00e9 jusqu'\u00e0 pr\u00e9sent et pr\u00e9vu pour l'avenir.<\/p>\n\n\n\n<p>De plus, nous avons la chance d\u2019avoir Fr\u00e8re Sal Nudo (Gamma Lambda \u201981) comme architecte consultant alors que nous r\u00e9pondons aux conditions impos\u00e9es par le Service des incendies de Montr\u00e9al en octobre 2023. <\/p>\n\n\n\n<p>Depuis 2014, plusieurs projets ont \u00e9t\u00e9 r\u00e9alis\u00e9s pour \u00e0 la fois am\u00e9liorer la maison du chapitre et assurer la conformit\u00e9 avec les r\u00e8glements existants. Il s'agit notamment de:<\/p>\n\n\n\n<ul class=\"wp-block-list\">\n<li><strong>Balcon avant<\/strong><\/li>\n<\/ul>\n\n\n\n<figure class=\"wp-block-gallery has-nested-images columns-default is-cropped wp-block-gallery-1 is-layout-flex wp-block-gallery-is-layout-flex\">\n<figure class=\"wp-block-image size-large\"><img loading=\"lazy\" decoding=\"async\" width=\"312\" height=\"327\" data-id=\"87\" src=\"https:\/\/gammalambda.ca\/wp-content\/uploads\/2022\/07\/new-balcony-1.png\" alt=\"\" class=\"wp-image-87\" srcset=\"https:\/\/gammalambda.ca\/wp-content\/uploads\/2022\/07\/new-balcony-1.png 312w, https:\/\/gammalambda.ca\/wp-content\/uploads\/2022\/07\/new-balcony-1-286x300.png 286w\" sizes=\"auto, (max-width: 312px) 100vw, 312px\" \/><\/figure>\n<\/figure>\n\n\n\n<ul class=\"wp-block-list\">\n<li><strong>Sortie de secours arri\u00e8re<\/strong><\/li>\n<\/ul>\n\n\n\n<figure class=\"wp-block-gallery has-nested-images columns-default is-cropped wp-block-gallery-2 is-layout-flex wp-block-gallery-is-layout-flex\">\n<figure class=\"wp-block-image size-large\"><img loading=\"lazy\" decoding=\"async\" width=\"192\" height=\"492\" data-id=\"88\" src=\"https:\/\/gammalambda.ca\/wp-content\/uploads\/2022\/07\/new-fire-escape-1.png\" alt=\"\" class=\"wp-image-88\" srcset=\"https:\/\/gammalambda.ca\/wp-content\/uploads\/2022\/07\/new-fire-escape-1.png 192w, https:\/\/gammalambda.ca\/wp-content\/uploads\/2022\/07\/new-fire-escape-1-117x300.png 117w\" sizes=\"auto, (max-width: 192px) 100vw, 192px\" \/><\/figure>\n<\/figure>\n\n\n\n<ul class=\"wp-block-list\">\n<li><strong>Les deux salles de bain de l'\u00e9tage sup\u00e9rieur<\/strong><\/li>\n<\/ul>\n\n\n\n<p>Avant<\/p>\n\n\n\n<figure class=\"wp-block-gallery has-nested-images columns-default is-cropped wp-block-gallery-3 is-layout-flex wp-block-gallery-is-layout-flex\">\n<figure class=\"wp-block-image size-large\"><img loading=\"lazy\" decoding=\"async\" width=\"1024\" height=\"769\" data-id=\"89\" src=\"https:\/\/gammalambda.ca\/wp-content\/uploads\/2022\/07\/2b-1024x769.jpg\" alt=\"\" class=\"wp-image-89\" srcset=\"https:\/\/gammalambda.ca\/wp-content\/uploads\/2022\/07\/2b-1024x769.jpg 1024w, https:\/\/gammalambda.ca\/wp-content\/uploads\/2022\/07\/2b-300x225.jpg 300w, https:\/\/gammalambda.ca\/wp-content\/uploads\/2022\/07\/2b-768x577.jpg 768w, https:\/\/gammalambda.ca\/wp-content\/uploads\/2022\/07\/2b.jpg 1348w\" sizes=\"auto, (max-width: 1024px) 100vw, 1024px\" \/><\/figure>\n\n\n\n<figure class=\"wp-block-image size-large\"><img loading=\"lazy\" decoding=\"async\" width=\"1024\" height=\"769\" data-id=\"92\" src=\"https:\/\/gammalambda.ca\/wp-content\/uploads\/2022\/07\/2a-1024x769.jpg\" alt=\"\" class=\"wp-image-92\" srcset=\"https:\/\/gammalambda.ca\/wp-content\/uploads\/2022\/07\/2a-1024x769.jpg 1024w, https:\/\/gammalambda.ca\/wp-content\/uploads\/2022\/07\/2a-300x225.jpg 300w, https:\/\/gammalambda.ca\/wp-content\/uploads\/2022\/07\/2a-768x577.jpg 768w, https:\/\/gammalambda.ca\/wp-content\/uploads\/2022\/07\/2a.jpg 1348w\" sizes=\"auto, (max-width: 1024px) 100vw, 1024px\" \/><\/figure>\n\n\n\n<figure class=\"wp-block-image size-large\"><img loading=\"lazy\" decoding=\"async\" width=\"1024\" height=\"769\" data-id=\"91\" src=\"https:\/\/gammalambda.ca\/wp-content\/uploads\/2022\/07\/1b-1024x769.jpg\" alt=\"\" class=\"wp-image-91\" srcset=\"https:\/\/gammalambda.ca\/wp-content\/uploads\/2022\/07\/1b-1024x769.jpg 1024w, https:\/\/gammalambda.ca\/wp-content\/uploads\/2022\/07\/1b-300x225.jpg 300w, https:\/\/gammalambda.ca\/wp-content\/uploads\/2022\/07\/1b-768x577.jpg 768w, https:\/\/gammalambda.ca\/wp-content\/uploads\/2022\/07\/1b.jpg 1348w\" sizes=\"auto, (max-width: 1024px) 100vw, 1024px\" \/><\/figure>\n\n\n\n<figure class=\"wp-block-image size-large\"><img loading=\"lazy\" decoding=\"async\" width=\"1024\" height=\"769\" data-id=\"90\" src=\"https:\/\/gammalambda.ca\/wp-content\/uploads\/2022\/07\/1a-1024x769.jpg\" alt=\"\" class=\"wp-image-90\" srcset=\"https:\/\/gammalambda.ca\/wp-content\/uploads\/2022\/07\/1a-1024x769.jpg 1024w, https:\/\/gammalambda.ca\/wp-content\/uploads\/2022\/07\/1a-300x225.jpg 300w, https:\/\/gammalambda.ca\/wp-content\/uploads\/2022\/07\/1a-768x577.jpg 768w, https:\/\/gammalambda.ca\/wp-content\/uploads\/2022\/07\/1a.jpg 1348w\" sizes=\"auto, (max-width: 1024px) 100vw, 1024px\" \/><\/figure>\n<\/figure>\n\n\n\n<p>Pendant<\/p>\n\n\n\n<figure class=\"wp-block-gallery has-nested-images columns-default is-cropped wp-block-gallery-4 is-layout-flex wp-block-gallery-is-layout-flex\">\n<figure class=\"wp-block-image size-large\"><img loading=\"lazy\" decoding=\"async\" width=\"1024\" height=\"768\" data-id=\"93\" src=\"https:\/\/gammalambda.ca\/wp-content\/uploads\/2022\/07\/10a-1024x768.jpg\" alt=\"\" class=\"wp-image-93\" srcset=\"https:\/\/gammalambda.ca\/wp-content\/uploads\/2022\/07\/10a-1024x768.jpg 1024w, https:\/\/gammalambda.ca\/wp-content\/uploads\/2022\/07\/10a-300x225.jpg 300w, https:\/\/gammalambda.ca\/wp-content\/uploads\/2022\/07\/10a-768x576.jpg 768w, https:\/\/gammalambda.ca\/wp-content\/uploads\/2022\/07\/10a-1536x1152.jpg 1536w, https:\/\/gammalambda.ca\/wp-content\/uploads\/2022\/07\/10a.jpg 1649w\" sizes=\"auto, (max-width: 1024px) 100vw, 1024px\" \/><figcaption class=\"wp-element-caption\">Les tuiles sont install\u00e9es - en attendant le comptoir et les appareils de plomberie.<\/figcaption><\/figure>\n\n\n\n<figure class=\"wp-block-image size-large\"><img loading=\"lazy\" decoding=\"async\" width=\"768\" height=\"1024\" data-id=\"101\" src=\"https:\/\/gammalambda.ca\/wp-content\/uploads\/2022\/07\/9-768x1024.jpg\" alt=\"\" class=\"wp-image-101\" srcset=\"https:\/\/gammalambda.ca\/wp-content\/uploads\/2022\/07\/9-768x1024.jpg 768w, https:\/\/gammalambda.ca\/wp-content\/uploads\/2022\/07\/9-225x300.jpg 225w, https:\/\/gammalambda.ca\/wp-content\/uploads\/2022\/07\/9-1152x1536.jpg 1152w, https:\/\/gammalambda.ca\/wp-content\/uploads\/2022\/07\/9.jpg 1431w\" sizes=\"auto, (max-width: 768px) 100vw, 768px\" \/><figcaption class=\"wp-element-caption\">Cales au sol en pente, encore \u00e0 installer, vers le drain.<\/figcaption><\/figure>\n\n\n\n<figure class=\"wp-block-image size-large\"><img loading=\"lazy\" decoding=\"async\" width=\"1024\" height=\"768\" data-id=\"103\" src=\"https:\/\/gammalambda.ca\/wp-content\/uploads\/2022\/07\/8b-1024x768.jpg\" alt=\"\" class=\"wp-image-103\" srcset=\"https:\/\/gammalambda.ca\/wp-content\/uploads\/2022\/07\/8b-1024x768.jpg 1024w, https:\/\/gammalambda.ca\/wp-content\/uploads\/2022\/07\/8b-300x225.jpg 300w, https:\/\/gammalambda.ca\/wp-content\/uploads\/2022\/07\/8b-768x576.jpg 768w, https:\/\/gammalambda.ca\/wp-content\/uploads\/2022\/07\/8b-1536x1152.jpg 1536w, https:\/\/gammalambda.ca\/wp-content\/uploads\/2022\/07\/8b.jpg 1649w\" sizes=\"auto, (max-width: 1024px) 100vw, 1024px\" \/><figcaption class=\"wp-element-caption\">Pr\u00e9paration pour comptoir qui aura deux lavabos; Urinoir \u00e0 installer \u00e0 droite. La fen\u00eatre est derri\u00e8re le<br>camera.<\/figcaption><\/figure>\n\n\n\n<figure class=\"wp-block-image size-large\"><img loading=\"lazy\" decoding=\"async\" width=\"768\" height=\"1024\" data-id=\"102\" src=\"https:\/\/gammalambda.ca\/wp-content\/uploads\/2022\/07\/8a-768x1024.jpg\" alt=\"\" class=\"wp-image-102\" srcset=\"https:\/\/gammalambda.ca\/wp-content\/uploads\/2022\/07\/8a-768x1024.jpg 768w, https:\/\/gammalambda.ca\/wp-content\/uploads\/2022\/07\/8a-225x300.jpg 225w, https:\/\/gammalambda.ca\/wp-content\/uploads\/2022\/07\/8a-1152x1536.jpg 1152w, https:\/\/gammalambda.ca\/wp-content\/uploads\/2022\/07\/8a.jpg 1533w\" sizes=\"auto, (max-width: 768px) 100vw, 768px\" \/><figcaption class=\"wp-element-caption\">Salle de bain sup\u00e9rieure : Cabine de douche pour deux douches, une fois le s\u00e9parateur install\u00e9<\/figcaption><\/figure>\n\n\n\n<figure class=\"wp-block-image size-large\"><img loading=\"lazy\" decoding=\"async\" width=\"1024\" height=\"768\" data-id=\"96\" src=\"https:\/\/gammalambda.ca\/wp-content\/uploads\/2022\/07\/7b-1024x768.jpg\" alt=\"\" class=\"wp-image-96\" srcset=\"https:\/\/gammalambda.ca\/wp-content\/uploads\/2022\/07\/7b-1024x768.jpg 1024w, https:\/\/gammalambda.ca\/wp-content\/uploads\/2022\/07\/7b-300x225.jpg 300w, https:\/\/gammalambda.ca\/wp-content\/uploads\/2022\/07\/7b-768x576.jpg 768w, https:\/\/gammalambda.ca\/wp-content\/uploads\/2022\/07\/7b-1536x1152.jpg 1536w, https:\/\/gammalambda.ca\/wp-content\/uploads\/2022\/07\/7b.jpg 1649w\" sizes=\"auto, (max-width: 1024px) 100vw, 1024px\" \/><figcaption class=\"wp-element-caption\">Pr\u00e9paration pour le nouveau plafond dans la salle \u00e0 manger, avec les drains de la salle de bain inf\u00e9rieure en vue.<\/figcaption><\/figure>\n\n\n\n<figure class=\"wp-block-image size-large\"><img loading=\"lazy\" decoding=\"async\" width=\"1024\" height=\"768\" data-id=\"97\" src=\"https:\/\/gammalambda.ca\/wp-content\/uploads\/2022\/07\/7a-1024x768.jpg\" alt=\"\" class=\"wp-image-97\" srcset=\"https:\/\/gammalambda.ca\/wp-content\/uploads\/2022\/07\/7a-1024x768.jpg 1024w, https:\/\/gammalambda.ca\/wp-content\/uploads\/2022\/07\/7a-300x225.jpg 300w, https:\/\/gammalambda.ca\/wp-content\/uploads\/2022\/07\/7a-768x576.jpg 768w, https:\/\/gammalambda.ca\/wp-content\/uploads\/2022\/07\/7a-1536x1152.jpg 1536w, https:\/\/gammalambda.ca\/wp-content\/uploads\/2022\/07\/7a.jpg 1649w\" sizes=\"auto, (max-width: 1024px) 100vw, 1024px\" \/><figcaption class=\"wp-element-caption\">Plancher neuf, salle de bain du haut avec solives \u00e0 gauche pour remplacer celles pourries. Les goujons sont pour le remplacement.<br>mur entre la salle de bain inf\u00e9rieure et le hall.<\/figcaption><\/figure>\n\n\n\n<figure class=\"wp-block-image size-large\"><img loading=\"lazy\" decoding=\"async\" width=\"1024\" height=\"768\" data-id=\"99\" src=\"https:\/\/gammalambda.ca\/wp-content\/uploads\/2022\/07\/6b-1024x768.jpg\" alt=\"\" class=\"wp-image-99\" srcset=\"https:\/\/gammalambda.ca\/wp-content\/uploads\/2022\/07\/6b-1024x768.jpg 1024w, https:\/\/gammalambda.ca\/wp-content\/uploads\/2022\/07\/6b-300x225.jpg 300w, https:\/\/gammalambda.ca\/wp-content\/uploads\/2022\/07\/6b-768x576.jpg 768w, https:\/\/gammalambda.ca\/wp-content\/uploads\/2022\/07\/6b-1536x1152.jpg 1536w, https:\/\/gammalambda.ca\/wp-content\/uploads\/2022\/07\/6b.jpg 1649w\" sizes=\"auto, (max-width: 1024px) 100vw, 1024px\" \/><figcaption class=\"wp-element-caption\">Nouvel \u00e9tage, salle de bain inf\u00e9rieure vue de la salle \u00e0 manger ci-dessous.<\/figcaption><\/figure>\n\n\n\n<figure class=\"wp-block-image size-large\"><img loading=\"lazy\" decoding=\"async\" width=\"1024\" height=\"768\" data-id=\"98\" src=\"https:\/\/gammalambda.ca\/wp-content\/uploads\/2022\/07\/6a-1024x768.jpg\" alt=\"\" class=\"wp-image-98\" srcset=\"https:\/\/gammalambda.ca\/wp-content\/uploads\/2022\/07\/6a-1024x768.jpg 1024w, https:\/\/gammalambda.ca\/wp-content\/uploads\/2022\/07\/6a-300x225.jpg 300w, https:\/\/gammalambda.ca\/wp-content\/uploads\/2022\/07\/6a-768x576.jpg 768w, https:\/\/gammalambda.ca\/wp-content\/uploads\/2022\/07\/6a-1536x1152.jpg 1536w, https:\/\/gammalambda.ca\/wp-content\/uploads\/2022\/07\/6a.jpg 1649w\" sizes=\"auto, (max-width: 1024px) 100vw, 1024px\" \/><figcaption class=\"wp-element-caption\">En regardant le mur ouest de la salle \u00e0 manger, avec l'ouverture sur les salles de bain en haut \u00e0 gauche.<\/figcaption><\/figure>\n\n\n\n<figure class=\"wp-block-image size-large\"><img loading=\"lazy\" decoding=\"async\" width=\"768\" height=\"1024\" data-id=\"95\" src=\"https:\/\/gammalambda.ca\/wp-content\/uploads\/2022\/07\/5-768x1024.jpg\" alt=\"\" class=\"wp-image-95\" srcset=\"https:\/\/gammalambda.ca\/wp-content\/uploads\/2022\/07\/5-768x1024.jpg 768w, https:\/\/gammalambda.ca\/wp-content\/uploads\/2022\/07\/5-225x300.jpg 225w, https:\/\/gammalambda.ca\/wp-content\/uploads\/2022\/07\/5-1152x1536.jpg 1152w, https:\/\/gammalambda.ca\/wp-content\/uploads\/2022\/07\/5.jpg 1409w\" sizes=\"auto, (max-width: 768px) 100vw, 768px\" \/><figcaption class=\"wp-element-caption\">Vue de la salle \u00e0 manger \u00e0 travers la salle de bain inf\u00e9rieure et la salle de bain sup\u00e9rieure. Le mur du couloir a<br>\u00e9t\u00e9 enlev\u00e9 au niveau de la salle de bain inf\u00e9rieure, mais reste pour la salle de bain sup\u00e9rieure, avec la porte de<br>le hall de la salle de bain toujours en place. Le toit est juste au-del\u00e0 du plafond sup\u00e9rieur.<\/figcaption><\/figure>\n\n\n\n<figure class=\"wp-block-image size-large\"><img loading=\"lazy\" decoding=\"async\" width=\"1024\" height=\"768\" data-id=\"94\" src=\"https:\/\/gammalambda.ca\/wp-content\/uploads\/2022\/07\/4-1024x768.jpg\" alt=\"\" class=\"wp-image-94\" srcset=\"https:\/\/gammalambda.ca\/wp-content\/uploads\/2022\/07\/4-1024x768.jpg 1024w, https:\/\/gammalambda.ca\/wp-content\/uploads\/2022\/07\/4-300x225.jpg 300w, https:\/\/gammalambda.ca\/wp-content\/uploads\/2022\/07\/4-768x576.jpg 768w, https:\/\/gammalambda.ca\/wp-content\/uploads\/2022\/07\/4-1536x1152.jpg 1536w, https:\/\/gammalambda.ca\/wp-content\/uploads\/2022\/07\/4.jpg 1649w\" sizes=\"auto, (max-width: 1024px) 100vw, 1024px\" \/><figcaption class=\"wp-element-caption\">Surprendre! Salle de bain inf\u00e9rieure : les solives pourries doivent \u00eatre renforc\u00e9es. Le plancher a \u00e9t\u00e9 enlev\u00e9 ainsi que le<br>plafond de la salle \u00e0 manger en dessous qui avait \u00e9t\u00e9 endommag\u00e9 par des ann\u00e9es de fuites des salles de bains.<\/figcaption><\/figure>\n\n\n\n<figure class=\"wp-block-image size-large\"><img loading=\"lazy\" decoding=\"async\" width=\"1024\" height=\"768\" data-id=\"104\" src=\"https:\/\/gammalambda.ca\/wp-content\/uploads\/2022\/07\/3b-1024x768.jpg\" alt=\"\" class=\"wp-image-104\" srcset=\"https:\/\/gammalambda.ca\/wp-content\/uploads\/2022\/07\/3b-1024x768.jpg 1024w, https:\/\/gammalambda.ca\/wp-content\/uploads\/2022\/07\/3b-300x225.jpg 300w, https:\/\/gammalambda.ca\/wp-content\/uploads\/2022\/07\/3b-768x576.jpg 768w, https:\/\/gammalambda.ca\/wp-content\/uploads\/2022\/07\/3b-1536x1152.jpg 1536w, https:\/\/gammalambda.ca\/wp-content\/uploads\/2022\/07\/3b.jpg 1649w\" sizes=\"auto, (max-width: 1024px) 100vw, 1024px\" \/><figcaption class=\"wp-element-caption\">Surprendre! Salle de bain sup\u00e9rieure : les montants, les solives et les planches pourris doivent \u00eatre renforc\u00e9s et remplac\u00e9s.<br>mur inf\u00e9rieur de la salle de bain. Le plancher a d\u00e9j\u00e0 \u00e9t\u00e9 retir\u00e9.<\/figcaption><\/figure>\n\n\n\n<figure class=\"wp-block-image size-large\"><img loading=\"lazy\" decoding=\"async\" width=\"1024\" height=\"768\" data-id=\"100\" src=\"https:\/\/gammalambda.ca\/wp-content\/uploads\/2022\/07\/3a-1024x768.jpg\" alt=\"\" class=\"wp-image-100\" srcset=\"https:\/\/gammalambda.ca\/wp-content\/uploads\/2022\/07\/3a-1024x768.jpg 1024w, https:\/\/gammalambda.ca\/wp-content\/uploads\/2022\/07\/3a-300x225.jpg 300w, https:\/\/gammalambda.ca\/wp-content\/uploads\/2022\/07\/3a-768x576.jpg 768w, https:\/\/gammalambda.ca\/wp-content\/uploads\/2022\/07\/3a-1536x1152.jpg 1536w, https:\/\/gammalambda.ca\/wp-content\/uploads\/2022\/07\/3a.jpg 1649w\" sizes=\"auto, (max-width: 1024px) 100vw, 1024px\" \/><figcaption class=\"wp-element-caption\">Surprendre! Des tuyaux de drainage inattendus dans les sols en b\u00e9ton n\u00e9cessitent le remplacement du sol de chaque salle de bain.<\/figcaption><\/figure>\n<\/figure>\n\n\n\n<p>Apres<\/p>\n\n\n\n<figure class=\"wp-block-image size-large\"><img loading=\"lazy\" decoding=\"async\" width=\"1024\" height=\"567\" src=\"https:\/\/gammalambda.ca\/wp-content\/uploads\/2022\/07\/10b-1024x567.jpg\" alt=\"\" class=\"wp-image-105\" srcset=\"https:\/\/gammalambda.ca\/wp-content\/uploads\/2022\/07\/10b-1024x567.jpg 1024w, https:\/\/gammalambda.ca\/wp-content\/uploads\/2022\/07\/10b-300x166.jpg 300w, https:\/\/gammalambda.ca\/wp-content\/uploads\/2022\/07\/10b-768x425.jpg 768w, https:\/\/gammalambda.ca\/wp-content\/uploads\/2022\/07\/10b-1536x851.jpg 1536w, https:\/\/gammalambda.ca\/wp-content\/uploads\/2022\/07\/10b.jpg 1650w\" sizes=\"auto, (max-width: 1024px) 100vw, 1024px\" \/><\/figure>\n\n\n\n<ul class=\"wp-block-list\">\n<li><strong>Cuisine<\/strong><\/li>\n<\/ul>\n\n\n\n<p>Avant<\/p>\n\n\n\n<figure class=\"wp-block-gallery has-nested-images columns-default is-cropped wp-block-gallery-5 is-layout-flex wp-block-gallery-is-layout-flex\">\n<figure class=\"wp-block-image size-large\"><img loading=\"lazy\" decoding=\"async\" width=\"1024\" height=\"469\" data-id=\"107\" src=\"https:\/\/gammalambda.ca\/wp-content\/uploads\/2022\/07\/Old-kitchen-3-1024x469.jpg\" alt=\"\" class=\"wp-image-107\" srcset=\"https:\/\/gammalambda.ca\/wp-content\/uploads\/2022\/07\/Old-kitchen-3-1024x469.jpg 1024w, https:\/\/gammalambda.ca\/wp-content\/uploads\/2022\/07\/Old-kitchen-3-300x137.jpg 300w, https:\/\/gammalambda.ca\/wp-content\/uploads\/2022\/07\/Old-kitchen-3-768x352.jpg 768w, https:\/\/gammalambda.ca\/wp-content\/uploads\/2022\/07\/Old-kitchen-3-1536x704.jpg 1536w, https:\/\/gammalambda.ca\/wp-content\/uploads\/2022\/07\/Old-kitchen-3-2048x938.jpg 2048w\" sizes=\"auto, (max-width: 1024px) 100vw, 1024px\" \/><\/figure>\n\n\n\n<figure class=\"wp-block-image size-large\"><img loading=\"lazy\" decoding=\"async\" width=\"1024\" height=\"564\" data-id=\"108\" src=\"https:\/\/gammalambda.ca\/wp-content\/uploads\/2022\/07\/Old-kitchen-2-1024x564.jpg\" alt=\"\" class=\"wp-image-108\" srcset=\"https:\/\/gammalambda.ca\/wp-content\/uploads\/2022\/07\/Old-kitchen-2-1024x564.jpg 1024w, https:\/\/gammalambda.ca\/wp-content\/uploads\/2022\/07\/Old-kitchen-2-300x165.jpg 300w, https:\/\/gammalambda.ca\/wp-content\/uploads\/2022\/07\/Old-kitchen-2-768x423.jpg 768w, https:\/\/gammalambda.ca\/wp-content\/uploads\/2022\/07\/Old-kitchen-2-1536x845.jpg 1536w, https:\/\/gammalambda.ca\/wp-content\/uploads\/2022\/07\/Old-kitchen-2-2048x1127.jpg 2048w\" sizes=\"auto, (max-width: 1024px) 100vw, 1024px\" \/><\/figure>\n\n\n\n<figure class=\"wp-block-image size-large\"><img loading=\"lazy\" decoding=\"async\" width=\"1024\" height=\"614\" data-id=\"106\" src=\"https:\/\/gammalambda.ca\/wp-content\/uploads\/2022\/07\/Old-kitchen-1024x614.jpg\" alt=\"\" class=\"wp-image-106\" srcset=\"https:\/\/gammalambda.ca\/wp-content\/uploads\/2022\/07\/Old-kitchen-1024x614.jpg 1024w, https:\/\/gammalambda.ca\/wp-content\/uploads\/2022\/07\/Old-kitchen-300x180.jpg 300w, https:\/\/gammalambda.ca\/wp-content\/uploads\/2022\/07\/Old-kitchen-768x461.jpg 768w, https:\/\/gammalambda.ca\/wp-content\/uploads\/2022\/07\/Old-kitchen-1536x921.jpg 1536w, https:\/\/gammalambda.ca\/wp-content\/uploads\/2022\/07\/Old-kitchen-2048x1228.jpg 2048w\" sizes=\"auto, (max-width: 1024px) 100vw, 1024px\" \/><\/figure>\n<\/figure>\n\n\n\n<p>Apres<\/p>\n\n\n\n<figure class=\"wp-block-gallery has-nested-images columns-default is-cropped wp-block-gallery-6 is-layout-flex wp-block-gallery-is-layout-flex\">\n<figure class=\"wp-block-image size-large\"><img loading=\"lazy\" decoding=\"async\" width=\"768\" height=\"1024\" data-id=\"109\" src=\"https:\/\/gammalambda.ca\/wp-content\/uploads\/2022\/07\/Kitchen-new-7-768x1024.jpeg\" alt=\"\" class=\"wp-image-109\" srcset=\"https:\/\/gammalambda.ca\/wp-content\/uploads\/2022\/07\/Kitchen-new-7-768x1024.jpeg 768w, https:\/\/gammalambda.ca\/wp-content\/uploads\/2022\/07\/Kitchen-new-7-225x300.jpeg 225w, https:\/\/gammalambda.ca\/wp-content\/uploads\/2022\/07\/Kitchen-new-7-1152x1536.jpeg 1152w, https:\/\/gammalambda.ca\/wp-content\/uploads\/2022\/07\/Kitchen-new-7-1536x2048.jpeg 1536w, https:\/\/gammalambda.ca\/wp-content\/uploads\/2022\/07\/Kitchen-new-7-scaled.jpeg 1920w\" sizes=\"auto, (max-width: 768px) 100vw, 768px\" \/><\/figure>\n\n\n\n<figure class=\"wp-block-image size-large\"><img loading=\"lazy\" decoding=\"async\" width=\"1024\" height=\"768\" data-id=\"110\" src=\"https:\/\/gammalambda.ca\/wp-content\/uploads\/2022\/07\/Kitchen-new-6-1024x768.jpeg\" alt=\"\" class=\"wp-image-110\" srcset=\"https:\/\/gammalambda.ca\/wp-content\/uploads\/2022\/07\/Kitchen-new-6-1024x768.jpeg 1024w, https:\/\/gammalambda.ca\/wp-content\/uploads\/2022\/07\/Kitchen-new-6-300x225.jpeg 300w, https:\/\/gammalambda.ca\/wp-content\/uploads\/2022\/07\/Kitchen-new-6-768x576.jpeg 768w, https:\/\/gammalambda.ca\/wp-content\/uploads\/2022\/07\/Kitchen-new-6-1536x1152.jpeg 1536w, https:\/\/gammalambda.ca\/wp-content\/uploads\/2022\/07\/Kitchen-new-6-2048x1536.jpeg 2048w\" sizes=\"auto, (max-width: 1024px) 100vw, 1024px\" \/><\/figure>\n\n\n\n<figure class=\"wp-block-image size-large\"><img loading=\"lazy\" decoding=\"async\" width=\"1024\" height=\"768\" data-id=\"111\" src=\"https:\/\/gammalambda.ca\/wp-content\/uploads\/2022\/07\/Kitchen-new-4-1024x768.jpeg\" alt=\"\" class=\"wp-image-111\" srcset=\"https:\/\/gammalambda.ca\/wp-content\/uploads\/2022\/07\/Kitchen-new-4-1024x768.jpeg 1024w, https:\/\/gammalambda.ca\/wp-content\/uploads\/2022\/07\/Kitchen-new-4-300x225.jpeg 300w, https:\/\/gammalambda.ca\/wp-content\/uploads\/2022\/07\/Kitchen-new-4-768x576.jpeg 768w, https:\/\/gammalambda.ca\/wp-content\/uploads\/2022\/07\/Kitchen-new-4-1536x1152.jpeg 1536w, https:\/\/gammalambda.ca\/wp-content\/uploads\/2022\/07\/Kitchen-new-4-2048x1536.jpeg 2048w\" sizes=\"auto, (max-width: 1024px) 100vw, 1024px\" \/><\/figure>\n\n\n\n<figure class=\"wp-block-image size-large\"><img loading=\"lazy\" decoding=\"async\" width=\"1024\" height=\"768\" data-id=\"112\" src=\"https:\/\/gammalambda.ca\/wp-content\/uploads\/2022\/07\/Kitchen-new5-1024x768.jpeg\" alt=\"\" class=\"wp-image-112\" srcset=\"https:\/\/gammalambda.ca\/wp-content\/uploads\/2022\/07\/Kitchen-new5-1024x768.jpeg 1024w, https:\/\/gammalambda.ca\/wp-content\/uploads\/2022\/07\/Kitchen-new5-300x225.jpeg 300w, https:\/\/gammalambda.ca\/wp-content\/uploads\/2022\/07\/Kitchen-new5-768x576.jpeg 768w, https:\/\/gammalambda.ca\/wp-content\/uploads\/2022\/07\/Kitchen-new5-1536x1152.jpeg 1536w, https:\/\/gammalambda.ca\/wp-content\/uploads\/2022\/07\/Kitchen-new5-2048x1536.jpeg 2048w\" sizes=\"auto, (max-width: 1024px) 100vw, 1024px\" \/><\/figure>\n<\/figure>\n\n\n\n<p><strong>De nouveaux projets<\/strong><\/p>\n\n\n\n<p>La priorit\u00e9 actuelle est les fen\u00eatres de la salle capitulaire. Voici quelques photos montrant le besoin urgent de remplacement. <\/p>\n\n\n\n<p><img loading=\"lazy\" decoding=\"async\" src=\"https:\/\/lh6.googleusercontent.com\/vqK-YVUbpncRq3Bkjc9AGhjtTq5MyCNrOEoYpFcb3Z3Y7YfQJHl0FXjFGjY3yPYbynXANYF3btjZ_fEs5oSnYDtN2UpxiCnjfPdh_oDW5BEICFUcIf-HrNnlAuX6-o_P_dn_xpQFWIxwWBCTP2FeSvi1DMnpMHEXry5VvhccuHUWKYrZj-M3-TpJg0dIABpzgibfaA\" width=\"576\" height=\"759\"><\/p>\n\n\n\n<p>Comme mentionn\u00e9, d'autres projets comprennent une r\u00e9novation compl\u00e8te du sous-sol (bar, aire de stockage et chaufferie), un nouveau rev\u00eatement de sol dans de nombreuses parties de la salle capitulaire, l'installation d'une nouvelle moquette, des travaux \u00e9lectriques et une nouvelle couche de peinture partout. <\/p>\n\n\n\n<p>Une partie de ce travail peut \u00eatre effectu\u00e9e par des Actifs et des Alums, travaillant ensemble lors d'un <em>Spruce Up Weekend<\/em> (TBA au printemps 2023). S'il vous pla\u00eet laissez-nous savoir si vous pouvez donner un coup de main et profiter de bons moments et de camaraderie.<\/p>\n\n\n\n<p><\/p>\n\n\n\n<p><\/p>","protected":false},"excerpt":{"rendered":"<p>While many Brothers have been involved over the years with keeping the Chapter House in decent shape, special thanks goes to Brother J. Robert (Bob) Thibodeau (Gamma Lambda &#8217;72), an architect whose enduring dedication has been a driving force behind much of the work done to date, and planned for the future. In addition, we [&hellip;]<\/p>","protected":false},"author":1,"featured_media":0,"parent":0,"menu_order":5,"comment_status":"closed","ping_status":"closed","template":"","meta":{"om_disable_all_campaigns":false,"_monsterinsights_skip_tracking":false,"_monsterinsights_sitenote_active":false,"_monsterinsights_sitenote_note":"","_monsterinsights_sitenote_category":0,"footnotes":""},"class_list":["post-81","page","type-page","status-publish","hentry"],"aioseo_notices":[],"_links":{"self":[{"href":"https:\/\/gammalambda.ca\/fr\/wp-json\/wp\/v2\/pages\/81","targetHints":{"allow":["GET"]}}],"collection":[{"href":"https:\/\/gammalambda.ca\/fr\/wp-json\/wp\/v2\/pages"}],"about":[{"href":"https:\/\/gammalambda.ca\/fr\/wp-json\/wp\/v2\/types\/page"}],"author":[{"embeddable":true,"href":"https:\/\/gammalambda.ca\/fr\/wp-json\/wp\/v2\/users\/1"}],"replies":[{"embeddable":true,"href":"https:\/\/gammalambda.ca\/fr\/wp-json\/wp\/v2\/comments?post=81"}],"version-history":[{"count":22,"href":"https:\/\/gammalambda.ca\/fr\/wp-json\/wp\/v2\/pages\/81\/revisions"}],"predecessor-version":[{"id":940,"href":"https:\/\/gammalambda.ca\/fr\/wp-json\/wp\/v2\/pages\/81\/revisions\/940"}],"wp:attachment":[{"href":"https:\/\/gammalambda.ca\/fr\/wp-json\/wp\/v2\/media?parent=81"}],"curies":[{"name":"wp","href":"https:\/\/api.w.org\/{rel}","templated":true}]}}