{"id":60,"date":"2022-07-23T17:28:04","date_gmt":"2022-07-23T21:28:04","guid":{"rendered":"https:\/\/gammalambda.ca\/?page_id=60"},"modified":"2026-04-20T13:01:32","modified_gmt":"2026-04-20T17:01:32","slug":"campaign","status":"publish","type":"page","link":"https:\/\/gammalambda.ca\/fr\/campaign\/","title":{"rendered":"Campagne"},"content":{"rendered":"<p><strong><style>\r\n\t.thermometer_svg{}\r\n\t.therm_target{font-size: 16px; font-family: inherit; text-anchor: middle;}\r\n\t.therm_raised{font-size: 14px; font-family: inherit;}\r\n\t.therm_percent{font-family: inherit; text-anchor: middle; font-weight: bold;}\r\n\t.therm_subTarget{font-size: 14px; font-family: inherit;}\r\n\t.therm_legend{font-size: 12px; font-family: inherit;}\r\n\t.therm_majorTick{stroke-width: 2.5px; stroke: #000;}\r\n\t.therm_minorTick{stroke-width: 2.5px; stroke: #000;}\r\n\t.therm_border{stroke-width: 1.5px; stroke: #000; fill: transparent;}\r\n\t.therm_subTargetArrow{stroke: #8a8a8a; stroke-width: 0.2px; fill: #8a8a8a;}\r\n    .therm_raisedLevel{stroke-width: 1px; stroke: #000;}\r\n\t.therm_subRaisedLevel{stroke-width: 1px; stroke: #000;}\r\n\t.therm_arrow{stroke: #000; stroke-width: 0.2px; fill: #000;}\r\n\t.therm_subTargetLevel{stroke-width: 2.5px; stroke: #8a8a8a;}\r\n\t<\/style><div style=\"margin-bottom: 1.5em; height: 533px; width: 249.89836065574px; display:block; float:left;\"><svg xmlns=\"http:\/\/www.w3.org\/tr\/svg\" version=\"2\" x=\"0\" y=\"0\" width=\"249.89836065574\" height=\"533\" viewbox=\"-13 0 143 305\" alt=\"Raised $92,032 towards the $400,000 target.\" preserveaspectratio=\"xMidYMid\" class=\"thermometer_svg\"><defs><lineargradient id=\"ThermGrad_#d7191c_#d7191c\" x1=\"0\" x2=\"0\" y1=\"0\" y2=\"1\">\r\n          <stop style=\"stop-color: #d7191c\" offset=\"0%\" \/>\r\n          <stop style=\"stop-color: #d7191c\" offset=\"100%\" \/>\r\n        <\/lineargradient><filter id=\"f1\" x=\"-20%\" y=\"-20%\" height=\"150%\" width=\"150%\" filterunits=\"objectBoundingBox\">\r\n        <fegaussianblur in=\"SourceAlpha\" stddeviation=\"3\" result=\"shadow\"\/> <!-- stdDeviation is how much to blur -->\r\n        <feoffset dx=\"1.8\" dy=\"1.8\" result=\"offsetblur\" in=\"shadow\"\/> <!-- how much to offset -->\r\n        <fecomponenttransfer result=\"shadow1\" in=\"offsetblur\">\r\n            <fefunca type=\"linear\" slope=\"0.6\"\/> <!-- slope is the opacity of the shadow -->\r\n        <\/fecomponenttransfer>\r\n        <feblend in = \"SourceGraphic\" in2 = \"shadow1\" mode = \"normal\"\/>\r\n        <\/filter><filter id=\"blurFilter\">\r\n          <!-- filter processes -->\r\n          <fegaussianblur in=\"SourceGraphic\" stddeviation=\"7.5\"\/><!-- stdDeviation is amount of blur -->\r\n      <\/filter>\r\n      <filter id=\"blurFilter2\">\r\n          <!-- filter processes -->\r\n          <fegaussianblur in=\"SourceGraphic\" stddeviation=\"2.2\"\/><!-- stdDeviation is amount of blur -->\r\n      <\/filter>\r\n  <\/defs><desc>Created using the Donation Thermometer plugin https:\/\/wordpress.org\/plugins\/donation-thermometer\/.<\/desc><text x=\"38\" y=\"20\" class=\"therm_target\" fill=\"#000000\" dominant-baseline=\"auto\" text-anchor=\"middle\">$400,000<\/text><path d=\"M38 25.5 C 28 25.5, 20 30, 20 36 L 20 251 C 15.5 255, 13 262, 13 268 C 13 282, 24 293, 38 293 C 52 293, 63 282, 63 268 C 63 262, 60 255, 56 251 L 56 36 C 56 30, 48 25.5, 38 25.5\" style=\"fill: transparent;; stroke-opacity: 0!important;\"><title>Raised $92,032 towards the $400,000 target.<\/title><\/path><path d=\"M20 197.6832 L 20 251 C 15.5 255, 13 262, 13 268 C 13 282, 24 293, 38 293 C 52 293, 63 282, 63  268 C 63 262, 60 255, 56 251 L 56 197.6832 L 20 197.6832\" style=\"stroke-width: 0;\" fill=\"url(#ThermGrad_#d7191c_#d7191c)\"\/><path d=\"M20 197.6832 L 56 197.6832\" class=\"therm_raisedLevel\" \/><path d=\"M 58 197.6832, 63 192.6832, 63 202.6832 Z\" class=\"therm_arrow\"\/><text x=\"66\" y=\"197.6832\" class=\"therm_raised\" text-anchor=\"start\" dominant-baseline=\"central\" fill=\"#000000\">$92,032<\/text><path d=\"M 56 36 L 43 36 M 56 78 L 43 78 M56 120 L 43 120 M 56 162 L 43 162 M 56 204 L 43 204 M 56 246 L 43 246\" class=\"therm_majorTick\"\/><path d=\"M 56 57 L 50 57 M 56 99 L 50 99 M 56 141 L 50 141 M 56 183 L 50 183 M 56 225 L 50 225\" class=\"therm_minorTick\" \/><path d=\"M38 25.5 C 28 25.5, 20 30, 20 36 L 20 251 C 15.5 255, 13 262, 13 268 C 13 282, 24 293, 38 293 C 52 293, 63 282, 63 268 C 63 262, 60 255, 56 251 L 56 36 C 56 30, 48 25.5, 38 25.5\" class=\"therm_border\"><title>Raised $92,032 towards the $400,000 target.<\/title><\/path><text x=\"38\" y=\"274\" class=\"therm_percent\" style=\"font-size: 17px\" text-anchor=\"middle\" fill=\"#000000\">23%<\/text><\/svg><\/div><\/strong><\/p>\n\n\n\n<p><strong>La Campagne D'am\u00e9lioration De La Maison<\/strong><\/p>\n\n\n\n<p>Message du comit\u00e9 de collecte de fonds de Gamma Lambda :<\/p>\n\n\n\n<p>Depuis la fondation de Gamma Lambda \u00e0 McGill en 1927, et en tant que membre de la fraternit\u00e9 internationale Sigma Chi, tant d'entre nous ont b\u00e9n\u00e9fici\u00e9 de la g\u00e9n\u00e9rosit\u00e9, de la camaraderie et du d\u00e9vouement des fr\u00e8res qui nous ont pr\u00e9c\u00e9d\u00e9s. Ils nous ont inspir\u00e9s et nous ont appris ce que signifie faire partie d'une grande fraternit\u00e9, o\u00f9 des hommes d'\u00e2ges et de milieux diff\u00e9rents peuvent trouver un but commun, du soutien et de l'amiti\u00e9. Aujourd'hui, gr\u00e2ce \u00e0 une campagne cibl\u00e9e visant \u00e0 am\u00e9liorer la maison du chapitre Gamma Lambda et \u00e0 \u00e9tablir une base financi\u00e8re solide pour l'avenir, nous avons l'occasion de prolonger ces importantes traditions et d'assurer l'avenir de Gamma Lambda \u00e0 McGill. Je crois fermement que c'est la prochaine \u00e9tape que nous devons franchir, et j'esp\u00e8re que vous vous joindrez \u00e0 moi.<\/p>\n\n\n\n<p><em>In hoc,<\/em><\/p>\n\n\n\n<p>Dave Berry<\/p>\n\n\n\n<p>Gamma Lambda &#8217;81<\/p>\n\n\n\n<p><\/p>\n\n\n\n<p><\/p>\n\n\n\n<p>Message du comit\u00e9 de collecte de fonds de Gamma Lambda :<\/p>\n\n\n\n<p>Comme vous avez pu le constater dans nos bulletins mensuels tout au long de l'ann\u00e9e 2025, le GLFI et de nombreux anciens de Gamma Lambda ont d\u00e9ploy\u00e9 des efforts consid\u00e9rables pour \u00e9laborer une strat\u00e9gie visant \u00e0 assurer la p\u00e9rennit\u00e9 de notre Chapitre \u00e0 l'Universit\u00e9 3581. Nous avons de nombreux d\u00e9fis \u00e0 relever, mais nous b\u00e9n\u00e9ficions \u00e9galement d'une dynamique tr\u00e8s positive.&nbsp; <strong><em>Il reste du travail \u00e0 accomplir, mais nous avons une voie \u00e0 suivre pour l'Universit\u00e9 3581, alors que nous approchons du 100e anniversaire de notre Chapitre en 2027 !<sup>\u00e8me<\/sup> anniversary in 2027!&nbsp; <\/em><\/strong>&nbsp;<\/p>\n\n\n\n<p><\/p>\n\n\n\n<p><strong>Description Des Projets<\/strong><\/p>\n\n\n\n<p>Comme toute maison, notre Chapitre a besoin d'un apport constant de fonds pour rester habitable. Quelques projets urgents sont \u00e0 entreprendre. La priorit\u00e9 imm\u00e9diate est le remplacement ou la r\u00e9paration de l'escalier de secours de la cour, ainsi que l'installation d'une cage d'escalier et de portes coupe-feu. Lors des phases suivantes, la salle capitulaire n\u00e9cessitera le remplacement des fen\u00eatres, des portes et des canalisations galvanis\u00e9es, ainsi qu'un nouveau clapet anti-retour d'\u00e9gout. De plus, le parquet et la moquette doivent \u00eatre remplac\u00e9s, et les r\u00e9parations des boiseries existantes ainsi que d'autres am\u00e9liorations esth\u00e9tiques sont largement attendues.<\/p>\n\n\n\n<p>\u00c0 terme, mais dans un avenir proche, des investissements structurels suppl\u00e9mentaires seront n\u00e9cessaires, tels qu'une nouvelle toiture, un nouveau syst\u00e8me de chauffage, ventilation et climatisation, la r\u00e9fection des joints de ma\u00e7onnerie et quelques am\u00e9liorations de la cuisine.<\/p>\n\n\n\n<p>Des projets de moindre envergure sont \u00e9galement pr\u00e9vus, notamment la peinture de toute la maison et la r\u00e9novation des logements priv\u00e9s ou semi-priv\u00e9s de la salle capitulaire. Certaines chambres ont d\u00e9j\u00e0 \u00e9t\u00e9 r\u00e9nov\u00e9es, et d'autres ont \u00e9t\u00e9 modernis\u00e9es lors des r\u00e9cents week-ends de r\u00e9novation, auxquels ont particip\u00e9 plusieurs anciens \u00e9l\u00e8ves et membres actifs.<\/p>\n\n\n\n<p>L'ampleur de ces projets a entra\u00een\u00e9 un besoin suppl\u00e9mentaire d'augmenter le fonds de r\u00e9serve pour financer ces am\u00e9liorations et celles \u00e0 venir, et pour se pr\u00e9munir contre les impr\u00e9vus.<\/p>\n\n\n\n<p><\/p>\n\n\n\n<p><strong>Comment aider<\/strong><\/p>\n\n\n\n<p>Pour ce faire, nous avons lanc\u00e9 en ao\u00fbt 2025 une campagne de financement intitul\u00e9e \u00ab\u00a0100 pour le 100e\u00a0\u00bb, qui vise \u00e0 remercier les donateurs qui, en versant 4\u00a0000\u00a0$ ou plus, nous permettent d\u2019atteindre notre objectif de 400\u00a0000\u00a0$ d\u2019ici la 4e \u00e9dition de notre Soir\u00e9e Vin et Fromage des Anciens (samedi 24 octobre 2026). De plus, votre don de 4\u00a0000\u00a0$ ou plus vous sera rembours\u00e9 si la Maison de la Chapitre est vendue avant 2030. O\u00f9 ailleurs trouverez-vous une telle garantie\u00a0?<\/p>\n\n\n\n<p>Des mises \u00e0 jour mensuelles seront envoy\u00e9es \u00e0 tous les anciens inscrits sur nos listes de diffusion, ainsi que notre plan de financement et les \u00e9tapes cl\u00e9s de notre campagne. En collaboration avec la section active et la section des anciens de Montr\u00e9al, nous pr\u00e9voyons \u00e9galement d\u2019organiser divers \u00e9v\u00e9nements tout au long de l\u2019ann\u00e9e. Nous sommes certains que vous trouverez une activit\u00e9 qui correspond \u00e0 votre budget et \u00e0 votre engagement envers Gamma Lambda.<\/p>\n\n\n\n<p>Nous utilisons&nbsp;<strong>Zeffy.com,<\/strong>un site Web 100 % gratuit, qui \u00e9vite les frais de traitement des cartes de cr\u00e9dit, ce qui signifie&nbsp;<strong>que 100 % de votre don est consacr\u00e9 aux r\u00e9parations Gamma Lambda.<\/strong>.<\/p>\n\n\n\n<p>Vous pouvez \u00e9galement faire un don&nbsp;<em>par Virement Interac,<\/em>&nbsp;en utilisant&nbsp;<em>donate @gammalambda.ca.<\/em>&nbsp;Il n\u2019y a pas besoin de question de s\u00e9curit\u00e9, ce qui rend les choses encore plus simples qu\u2019avant\u00a0!<\/p>\n\n\n\n<p>Vous pouvez faire un petit don mensuel de 10$, 20$, 25$ ou plus. Ces petits montants peuvent s\u2019accumuler rapidement pour la maison, sans ajouter une grosse somme \u00e0 vos d\u00e9penses mensuelles.<\/p>\n\n\n\n<p>Pour faire un don ponctuel ou r\u00e9current, veuillez consulter la page Faire un don. <a href=\"https:\/\/gammalambda.ca\/fr\/donate\/\">Faire un don<\/a> page.<\/p>\n\n\n\n<p><a href=\"https:\/\/gammalambda.ca\/fr\/\"><em>Gamma Lambda<\/em><\/a><\/p>\n\n\n\n<p><em>In hoc,<\/em><\/p>\n\n\n\n<p>Nicholas Merendina <\/p>\n\n\n\n<p>Gamma Lambda \u201996<\/p>\n\n\n\n<p><\/p>\n\n\n\n<p><\/p>\n\n\n\n<p><\/p>\n\n\n\n<p><\/p>\n\n\n\n\n\n<p><\/p>","protected":false},"excerpt":{"rendered":"<p>The House Improvement Campaign A Message From the Gamma Lambda Foundation Inc (GLFI or \u201cHouse Corp\u201d): Since the founding of Gamma Lambda at McGill in 1927, and as part of the international Sigma Chi Fraternity, so many of us have benefited from the generosity, fellowship and dedication of the Brothers who came before us. They [&hellip;]<\/p>","protected":false},"author":1,"featured_media":0,"parent":0,"menu_order":6,"comment_status":"closed","ping_status":"closed","template":"","meta":{"om_disable_all_campaigns":false,"_monsterinsights_skip_tracking":false,"_monsterinsights_sitenote_active":false,"_monsterinsights_sitenote_note":"","_monsterinsights_sitenote_category":0,"footnotes":""},"class_list":["post-60","page","type-page","status-publish","hentry"],"aioseo_notices":[],"_links":{"self":[{"href":"https:\/\/gammalambda.ca\/fr\/wp-json\/wp\/v2\/pages\/60","targetHints":{"allow":["GET"]}}],"collection":[{"href":"https:\/\/gammalambda.ca\/fr\/wp-json\/wp\/v2\/pages"}],"about":[{"href":"https:\/\/gammalambda.ca\/fr\/wp-json\/wp\/v2\/types\/page"}],"author":[{"embeddable":true,"href":"https:\/\/gammalambda.ca\/fr\/wp-json\/wp\/v2\/users\/1"}],"replies":[{"embeddable":true,"href":"https:\/\/gammalambda.ca\/fr\/wp-json\/wp\/v2\/comments?post=60"}],"version-history":[{"count":279,"href":"https:\/\/gammalambda.ca\/fr\/wp-json\/wp\/v2\/pages\/60\/revisions"}],"predecessor-version":[{"id":922,"href":"https:\/\/gammalambda.ca\/fr\/wp-json\/wp\/v2\/pages\/60\/revisions\/922"}],"wp:attachment":[{"href":"https:\/\/gammalambda.ca\/fr\/wp-json\/wp\/v2\/media?parent=60"}],"curies":[{"name":"wp","href":"https:\/\/api.w.org\/{rel}","templated":true}]}}