{"id":372,"date":"2023-01-19T16:18:25","date_gmt":"2023-01-19T21:18:25","guid":{"rendered":"https:\/\/gammalambda.ca\/?page_id=372"},"modified":"2023-03-12T11:55:26","modified_gmt":"2023-03-12T15:55:26","slug":"legacy-giving","status":"publish","type":"page","link":"https:\/\/gammalambda.ca\/fr\/legacy-giving\/","title":{"rendered":"Dons h\u00e9rit\u00e9s"},"content":{"rendered":"<figure class=\"wp-block-image size-full\"><img loading=\"lazy\" decoding=\"async\" width=\"139\" height=\"172\" src=\"https:\/\/gammalambda.ca\/wp-content\/uploads\/2023\/01\/image.png\" alt=\"\" class=\"wp-image-373\" srcset=\"https:\/\/gammalambda.ca\/wp-content\/uploads\/2023\/01\/image.png 139w, https:\/\/gammalambda.ca\/wp-content\/uploads\/2023\/01\/image-10x12.png 10w\" sizes=\"auto, (max-width: 139px) 100vw, 139px\" \/><\/figure>\n\n\n\n<p><strong>Dons h\u00e9rit\u00e9s au chapitre Gamma Lambda de Sigma Chi<\/strong><\/p>\n\n\n\n<p>Un don testamentaire \u00e0 Gamma Lambda est un investissement durable dans votre chapitre \u00e0 l'Universit\u00e9 McGill, alors qu'il approche de son 100<sup>\u00e8me<\/sup> anniversaire. Votre don contribuera \u00e0 garantir que la salle capitulaire Gamma Lambda, o\u00f9 les fr\u00e8res appr\u00e9cient profond\u00e9ment la devise de notre fraternit\u00e9, <em>Amiti\u00e9, justice et apprentissage,<\/em>continuera \u00e0 offrir un foyer s\u00fbr et accueillant \u00e0 tous.<\/p>\n\n\n\n<figure class=\"wp-block-image size-full\"><img loading=\"lazy\" decoding=\"async\" width=\"663\" height=\"446\" src=\"https:\/\/gammalambda.ca\/wp-content\/uploads\/2023\/01\/image-1.png\" alt=\"\" class=\"wp-image-374\" srcset=\"https:\/\/gammalambda.ca\/wp-content\/uploads\/2023\/01\/image-1.png 663w, https:\/\/gammalambda.ca\/wp-content\/uploads\/2023\/01\/image-1-300x202.png 300w, https:\/\/gammalambda.ca\/wp-content\/uploads\/2023\/01\/image-1-18x12.png 18w\" sizes=\"auto, (max-width: 663px) 100vw, 663px\" \/><\/figure>\n\n\n\n<p><strong>Dons planifi\u00e9s<a><\/a> \u2013 Laissez un don planifi\u00e9 dans votre testament<\/strong><\/p>\n\n\n\n<p>Votre legs laiss\u00e9 dans votre testament peut \u00eatre une importante source de soutien, assurant l'entretien et la long\u00e9vit\u00e9 de la salle capitulaire de Gamma Lambda. 100 % des dons seront utilis\u00e9s l\u00e0 o\u00f9 ils sont le plus n\u00e9cessaires, tous les fonds \u00e9tant destin\u00e9s aux r\u00e9parations r\u00e9guli\u00e8res et \u00e0 l'entretien programm\u00e9, ou au fonds de r\u00e9serve en cas de besoin extraordinaire. L'entretien quotidien de la salle capitulaire rel\u00e8ve de la responsabilit\u00e9 du chapitre actif et <strong>n'est pas<\/strong> financ\u00e9 par votre legs.<\/p>\n\n\n\n<p>Tous les dons h\u00e9rit\u00e9s sont dirig\u00e9s \u00e0 100 % vers les besoins de la salle capitulaire et sont administr\u00e9s par la Fondation Gamma Lambda Inc. (GLFI <em>alias<\/em> House Corp), un groupe d'anciens \u00e9l\u00e8ves d\u00e9vou\u00e9s de Gamma Lambda qui offrent volontiers leurs comp\u00e9tences et leur exp\u00e9rience, sans r\u00e9mun\u00e9ration.<\/p>\n\n\n\n<p><strong>Il existe plusieurs fa\u00e7ons de donner<\/strong><\/p>\n\n\n\n<ul class=\"wp-block-list\">\n<li>Un montant en dollars indiqu\u00e9<\/li>\n\n\n\n<li>A percentage of your residual estate (what remains after gifts to loved ones and expenses&nbsp;have been paid)<\/li>\n\n\n\n<li>Un actif sp\u00e9cifique, tel que des titres ou d'autres biens n\u00e9gociables<\/li>\n<\/ul>\n\n\n\n<p>Utilisez ce lien pour voir les formulaires avec une formulation sugg\u00e9r\u00e9e pour votre don testamentaire:<\/p>\n\n\n\n<div class=\"wp-block-buttons is-layout-flex wp-block-buttons-is-layout-flex\">\n<div class=\"wp-block-button\"><a class=\"wp-block-button__link wp-element-button\" href=\"https:\/\/docs.google.com\/document\/d\/1hm3xKlabGS5zzvlXNVl-KQUoGc80KGZI\/edit?usp=share_link&amp;ouid=107099401104576301869&amp;rtpof=true&amp;sd=true\" target=\"_blank\" rel=\"noreferrer noopener\">Formes<\/a><\/div>\n<\/div>\n\n\n\n<p><strong>Comment nommer Gamma Lambda dans votre testament<\/strong><\/p>\n\n\n\n<p><em>Fondation Gamma Lambda inc.<\/em><\/p>\n\n\n\n<p><em>P.O. Box 411, Succursale B<\/em><em><\/em><\/p>\n\n\n\n<p><em>Montreal QC<\/em><\/p>\n\n\n\n<p><em>H3B 3J7<\/em><\/p>\n\n\n\n<p>Veuillez noter que les dons \u00e0 la Fondation Gamma Lambda Inc. ne sont pas d\u00e9ductibles en tant que contributions caritatives. Les re\u00e7us fiscaux ne peuvent pas \u00eatre d\u00e9livr\u00e9s.<\/p>\n\n\n\n<p>Pour en savoir plus sur la fa\u00e7on dont votre legs sera utilis\u00e9, veuillez visiter la <em><a href=\"https:\/\/gammalambda.ca\/fr\/gallery\/\" title=\"\">Salle capitulaire Renos<\/a><\/em> de ce site Web. Si vous avez des questions, veuillez remplir le formulaire sur la <em><a href=\"https:\/\/gammalambda.ca\/fr\/contact\/\" title=\"\">Contactez-Nous<\/a><\/em> page et nous vous r\u00e9pondrons rapidement.<\/p>\n\n\n\n<p><\/p>","protected":false},"excerpt":{"rendered":"<p>Legacy Giving to the Gamma Lambda Chapter of Sigma Chi A legacy gift to Gamma Lambda is a lasting investment in your chapter at McGill University, as it approaches its 100th year. Your gift will help ensure that the Gamma Lambda Chapter House, where brothers experience a deep appreciation of our fraternity\u2019s motto, Friendship Justice [&hellip;]<\/p>","protected":false},"author":1,"featured_media":0,"parent":0,"menu_order":8,"comment_status":"closed","ping_status":"closed","template":"","meta":{"om_disable_all_campaigns":false,"_monsterinsights_skip_tracking":false,"_monsterinsights_sitenote_active":false,"_monsterinsights_sitenote_note":"","_monsterinsights_sitenote_category":0,"footnotes":""},"class_list":["post-372","page","type-page","status-publish","hentry"],"aioseo_notices":[],"_links":{"self":[{"href":"https:\/\/gammalambda.ca\/fr\/wp-json\/wp\/v2\/pages\/372","targetHints":{"allow":["GET"]}}],"collection":[{"href":"https:\/\/gammalambda.ca\/fr\/wp-json\/wp\/v2\/pages"}],"about":[{"href":"https:\/\/gammalambda.ca\/fr\/wp-json\/wp\/v2\/types\/page"}],"author":[{"embeddable":true,"href":"https:\/\/gammalambda.ca\/fr\/wp-json\/wp\/v2\/users\/1"}],"replies":[{"embeddable":true,"href":"https:\/\/gammalambda.ca\/fr\/wp-json\/wp\/v2\/comments?post=372"}],"version-history":[{"count":10,"href":"https:\/\/gammalambda.ca\/fr\/wp-json\/wp\/v2\/pages\/372\/revisions"}],"predecessor-version":[{"id":388,"href":"https:\/\/gammalambda.ca\/fr\/wp-json\/wp\/v2\/pages\/372\/revisions\/388"}],"wp:attachment":[{"href":"https:\/\/gammalambda.ca\/fr\/wp-json\/wp\/v2\/media?parent=372"}],"curies":[{"name":"wp","href":"https:\/\/api.w.org\/{rel}","templated":true}]}}