{"id":25,"date":"2022-06-21T20:30:32","date_gmt":"2022-06-22T00:30:32","guid":{"rendered":"http:\/\/gammalambda.ca\/about\/"},"modified":"2022-09-30T16:56:47","modified_gmt":"2022-09-30T20:56:47","slug":"about","status":"publish","type":"page","link":"https:\/\/gammalambda.ca\/fr\/about\/","title":{"rendered":"A propos"},"content":{"rendered":"<p><strong>La Fondation Gamma Lambda Inc.<\/strong>La House Corporation est un groupe d'anciens de Gamma Lambda qui se consacre \u00e0 fournir une coh\u00e9rence en termes de gestion de la propri\u00e9t\u00e9 de la maison.  La surveillance assur\u00e9e par les anciens permet de s'assurer que les obligations l\u00e9gales et financi\u00e8res de l'organisme sont respect\u00e9es et que la maison du chapitre reste une r\u00e9sidence appropri\u00e9e, s\u00fbre et accueillante pour nos fr\u00e8res, digne de la r\u00e9putation de Sigma Chi. <\/p>\n\n\n\n<p>L'entretien quotidien, ainsi que les r\u00e9parations de l'usure normale sont la responsabilit\u00e9 de nos fr\u00e8res actifs.<\/p>\n\n\n\n<p><strong>Le comit\u00e9 de collecte de fonds Gamma Lambda (GLFC)<\/strong> a \u00e9t\u00e9 cr\u00e9\u00e9 au printemps 2022 pour fournir un effort continu de collecte de fonds pour des r\u00e9parations imm\u00e9diates \u00e0 la salle capitulaire et \u00e0 sa s\u00e9curit\u00e9 financi\u00e8re \u00e0 long terme. Le GLFC rend compte au GLFI et tous les dons vont directement au compte bancaire du GLFI.<\/p>\n\n\n\n<p>Les membres de la House Corporation promouvoient vivre selon les id\u00e9aux et les valeurs de notre fraternit\u00e9.<\/p>\n\n\n\n<p><\/p>\n\n\n\n<figure class=\"wp-block-image size-large\"><img loading=\"lazy\" decoding=\"async\" width=\"1024\" height=\"768\" src=\"https:\/\/gammalambda.ca\/wp-content\/uploads\/2022\/07\/Gamma-Lambda-alums-at-100th-annivesary-dinner-May-13-2022-1024x768.jpeg\" alt=\"\" class=\"wp-image-45\" srcset=\"https:\/\/gammalambda.ca\/wp-content\/uploads\/2022\/07\/Gamma-Lambda-alums-at-100th-annivesary-dinner-May-13-2022-1024x768.jpeg 1024w, https:\/\/gammalambda.ca\/wp-content\/uploads\/2022\/07\/Gamma-Lambda-alums-at-100th-annivesary-dinner-May-13-2022-300x225.jpeg 300w, https:\/\/gammalambda.ca\/wp-content\/uploads\/2022\/07\/Gamma-Lambda-alums-at-100th-annivesary-dinner-May-13-2022-768x576.jpeg 768w, https:\/\/gammalambda.ca\/wp-content\/uploads\/2022\/07\/Gamma-Lambda-alums-at-100th-annivesary-dinner-May-13-2022-1536x1152.jpeg 1536w, https:\/\/gammalambda.ca\/wp-content\/uploads\/2022\/07\/Gamma-Lambda-alums-at-100th-annivesary-dinner-May-13-2022-2048x1536.jpeg 2048w\" sizes=\"auto, (max-width: 1024px) 100vw, 1024px\" \/><figcaption><em>D\u00eener des anciens de Gamma Lambda, 100e<\/em><sup><em>\u00e8me<\/em><\/sup><em> anniversaire de Sigma Chi au Canada (Toronto 2022)<\/em><\/figcaption><\/figure>\n\n\n\n<p><\/p>\n\n\n\n<p><\/p>","protected":false},"excerpt":{"rendered":"<p>The Gamma Lambda Foundation Inc. (GLFI or &#8220;House Corp&#8221;) is a group of Gamma Lambda Alumni dedicated to providing consistency of ownership\/management of the Chapter House property. The oversight provided by the Alumni ensures that Gamma Lambda&#8217;s legal and financial obligations are met, and that the Chapter House remains an appropriate, safe and welcoming residence [&hellip;]<\/p>","protected":false},"author":1,"featured_media":0,"parent":0,"menu_order":1,"comment_status":"closed","ping_status":"closed","template":"","meta":{"om_disable_all_campaigns":false,"_monsterinsights_skip_tracking":false,"_monsterinsights_sitenote_active":false,"_monsterinsights_sitenote_note":"","_monsterinsights_sitenote_category":0,"footnotes":""},"class_list":["post-25","page","type-page","status-publish","hentry"],"aioseo_notices":[],"_links":{"self":[{"href":"https:\/\/gammalambda.ca\/fr\/wp-json\/wp\/v2\/pages\/25","targetHints":{"allow":["GET"]}}],"collection":[{"href":"https:\/\/gammalambda.ca\/fr\/wp-json\/wp\/v2\/pages"}],"about":[{"href":"https:\/\/gammalambda.ca\/fr\/wp-json\/wp\/v2\/types\/page"}],"author":[{"embeddable":true,"href":"https:\/\/gammalambda.ca\/fr\/wp-json\/wp\/v2\/users\/1"}],"replies":[{"embeddable":true,"href":"https:\/\/gammalambda.ca\/fr\/wp-json\/wp\/v2\/comments?post=25"}],"version-history":[{"count":10,"href":"https:\/\/gammalambda.ca\/fr\/wp-json\/wp\/v2\/pages\/25\/revisions"}],"predecessor-version":[{"id":244,"href":"https:\/\/gammalambda.ca\/fr\/wp-json\/wp\/v2\/pages\/25\/revisions\/244"}],"wp:attachment":[{"href":"https:\/\/gammalambda.ca\/fr\/wp-json\/wp\/v2\/media?parent=25"}],"curies":[{"name":"wp","href":"https:\/\/api.w.org\/{rel}","templated":true}]}}