{"id":221,"date":"2022-09-30T10:07:35","date_gmt":"2022-09-30T14:07:35","guid":{"rendered":"https:\/\/gammalambda.ca\/?page_id=221"},"modified":"2026-04-18T18:57:30","modified_gmt":"2026-04-18T22:57:30","slug":"actives-page","status":"publish","type":"page","link":"https:\/\/gammalambda.ca\/fr\/actives-page\/","title":{"rendered":"Actifs"},"content":{"rendered":"<p>La section Gamma Lambda de Sigma Chi compte actuellement 28 membres actifs, suite \u00e0 l'intronisation de six nouveaux fr\u00e8res au cours de la promotion d'hiver 2026. Nous avons h\u00e2te de voir ce que ces nouveaux fr\u00e8res accompliront.<\/p>\n\n\n\n<p>Vous trouverez ci-dessous quelques photos et actualit\u00e9s du Chapitre Actif. <span style=\"box-sizing: border-box; margin: 0px; padding: 0px;\">N'h\u00e9sitez pas \u00e0 nous envoyer vos photos ou vos \u00e9v\u00e9nements \u00e0 venir, tels que les soir\u00e9es, les Derby Days, les \u00e9v\u00e9nements pour les anciens et les membres actifs a&nbsp;<em>brothers@gammalambda.ca<\/em>.<\/span><\/p>\n\n\n\n<div class=\"wp-block-buttons is-layout-flex wp-block-buttons-is-layout-flex\">\n<div class=\"wp-block-button is-style-fill\"><a class=\"wp-block-button__link wp-element-button\" href=\"https:\/\/drive.google.com\/drive\/folders\/1oRkiuy6qggES6VD6_EQwSgBXIpbCDbyf?usp=share_link\" target=\"_blank\" rel=\"noreferrer noopener\">Photos des actifs<\/a><\/div>\n<\/div>\n\n\n\n<p><strong>Ev\u00e8nements \u00e0 venir<\/strong> <\/p>\n\n\n\n<p>C\u2019est l\u2019\u00e9t\u00e9, et malheureusement, aucun \u00e9v\u00e9nement n\u2019est pr\u00e9vu pour le moment. Mais n\u2019h\u00e9sitez pas \u00e0 venir rejoindre les Fr\u00e8res \u00e0 la Maison Capitulaire \u00e0 tout moment de l\u2019\u00e9t\u00e9.<\/p>\n\n\n\n<p><\/p>\n\n\n\n<p>Voici quelques activit\u00e9s \u00e0 venir du chapitre\u00a0:<\/p>\n\n\n\n<div class=\"wp-block-buttons is-layout-flex wp-block-buttons-is-layout-flex\">\n<div class=\"wp-block-button is-style-fill\"><a class=\"wp-block-button__link wp-element-button\" href=\"https:\/\/docs.google.com\/document\/d\/16ecabBmkUDpH5lnL4N9cqU9_BTHpMX8EernhtiwLCBc\/edit?usp=sharing\">Calendrier 2026<\/a><\/div>\n<\/div>\n\n\n\n<p><\/p>\n\n\n\n<p><\/p>\n\n\n\n<div class=\"wp-block-buttons is-layout-flex wp-block-buttons-is-layout-flex\"><\/div>\n\n\n\n<p><\/p>","protected":false},"excerpt":{"rendered":"<p>The Gamma Lambda Chapter of Sigma Chi currently stands strong with 28 Active members, following the initiation of six new Brothers in the Winter &#8217;26 class. We look forward to what these new Brothers can accomplish. Below are some photos and news about the Active Chapter. Please send any photos or upcoming events, such as [&hellip;]<\/p>","protected":false},"author":1,"featured_media":0,"parent":0,"menu_order":4,"comment_status":"closed","ping_status":"closed","template":"","meta":{"om_disable_all_campaigns":false,"_monsterinsights_skip_tracking":false,"_monsterinsights_sitenote_active":false,"_monsterinsights_sitenote_note":"","_monsterinsights_sitenote_category":0,"footnotes":""},"class_list":["post-221","page","type-page","status-publish","hentry"],"aioseo_notices":[],"_links":{"self":[{"href":"https:\/\/gammalambda.ca\/fr\/wp-json\/wp\/v2\/pages\/221","targetHints":{"allow":["GET"]}}],"collection":[{"href":"https:\/\/gammalambda.ca\/fr\/wp-json\/wp\/v2\/pages"}],"about":[{"href":"https:\/\/gammalambda.ca\/fr\/wp-json\/wp\/v2\/types\/page"}],"author":[{"embeddable":true,"href":"https:\/\/gammalambda.ca\/fr\/wp-json\/wp\/v2\/users\/1"}],"replies":[{"embeddable":true,"href":"https:\/\/gammalambda.ca\/fr\/wp-json\/wp\/v2\/comments?post=221"}],"version-history":[{"count":74,"href":"https:\/\/gammalambda.ca\/fr\/wp-json\/wp\/v2\/pages\/221\/revisions"}],"predecessor-version":[{"id":920,"href":"https:\/\/gammalambda.ca\/fr\/wp-json\/wp\/v2\/pages\/221\/revisions\/920"}],"wp:attachment":[{"href":"https:\/\/gammalambda.ca\/fr\/wp-json\/wp\/v2\/media?parent=221"}],"curies":[{"name":"wp","href":"https:\/\/api.w.org\/{rel}","templated":true}]}}