{"id":21,"date":"2022-06-21T20:30:32","date_gmt":"2022-06-21T20:30:32","guid":{"rendered":"http:\/\/gammalambda.ca\/home\/"},"modified":"2026-04-21T08:58:30","modified_gmt":"2026-04-21T12:58:30","slug":"home","status":"publish","type":"page","link":"https:\/\/gammalambda.ca\/fr\/","title":{"rendered":"Accueil"},"content":{"rendered":"<figure class=\"wp-block-image size-full is-resized\"><img loading=\"lazy\" decoding=\"async\" width=\"368\" height=\"289\" src=\"https:\/\/gammalambda.ca\/wp-content\/uploads\/2022\/07\/Colour-photo-of-alums-.png\" alt=\"\" class=\"wp-image-39\" srcset=\"https:\/\/gammalambda.ca\/wp-content\/uploads\/2022\/07\/Colour-photo-of-alums-.png 368w, https:\/\/gammalambda.ca\/wp-content\/uploads\/2022\/07\/Colour-photo-of-alums--300x236.png 300w\" sizes=\"auto, (max-width: 368px) 100vw, 368px\" \/><figcaption class=\"wp-element-caption\"><br><em>Anciens de Gamma Lambda \u00e0 la Chapter House, c\u00e9l\u00e9bration du 90<\/em><sup><em>\u00e8me<\/em><\/sup><em> anniversaire de Gamma Lambda (Montr\u00e9al 2017)<\/em><\/figcaption><\/figure>\n\n\n\n<p><strong>L\u2019esprit de Sigma Chi<\/strong><\/p>\n\n\n\n<p>L'esprit de Sigma Chi, tel que con\u00e7u par les fondateurs il y a plus de 155 ans, et pourtant visible et vivant aujourd'hui, est bas\u00e9 sur l'id\u00e9e que:<\/p>\n\n\n\n<p>L'amiti\u00e9 entre membres, partageant une croyance commune en un id\u00e9al, et poss\u00e9dant des temp\u00e9raments, des talents et des convictions diff\u00e9rents, est sup\u00e9rieure \u00e0 l'amiti\u00e9 entre membres ayant les m\u00eames temp\u00e9raments, talents et convictions ; et qu'une amiti\u00e9 authentique peut \u00eatre maintenue sans renoncer au principe d'individualit\u00e9 ou sacrifier son jugement personnel.<\/p>\n\n\n\n<p><\/p>\n\n\n\n<figure class=\"wp-block-image aligncenter size-full\"><img loading=\"lazy\" decoding=\"async\" width=\"135\" height=\"168\" src=\"https:\/\/gammalambda.ca\/wp-content\/uploads\/2022\/07\/Sigma-Chi-McGill-crest.png\" alt=\"\" class=\"wp-image-40\"\/><\/figure>\n\n\n\n<p><strong>La Fondation Gamma Lambda Inc.<\/strong><\/p>\n\n\n\n<p>La Gamma Lambda Foundation Inc. est une soci\u00e9t\u00e9 sans but lucratif compos\u00e9e d'anciens b\u00e9n\u00e9voles qui donnent gratuitement de leur temps pour fournir des avis et des conseils au chapitre actif. \nLeurs efforts sont consacr\u00e9s \u00e0 fournir des logements s\u00fbrs et abordables \u00e0 leurs fr\u00e8res de premier cycle de l'Universit\u00e9 McGill.\u00a0<\/p>\n\n\n\n<p><strong>Dates Importantes et \u00c9v\u00e9nements \u00e0 Venir :<\/strong><\/p>\n\n\n\n<p>Les \u00e9v\u00e9nements importants suivants sont programm\u00e9s pour les Actifs et les Alumni:<\/p>\n\n\n\n<ol style=\"list-style-type:upper-alpha\" class=\"wp-block-list\">\n<li>Gr\u00e2ce aux rites de nos c\u00e9r\u00e9monies d'initiation, nous accueillerons chaque ann\u00e9e de nouveaux fr\u00e8res;<\/li>\n\n\n\n<li>Des anciens de partout au Canada et aux \u00c9tats-Unis visitent la salle capitulaire au printemps pour effectuer quelques r\u00e9parations l\u00e9g\u00e8res (le Spring Spruce-Up);<\/li>\n\n\n\n<li>Un \u00e9v\u00e9nement annuel des anciens et du vin et du fromage aura lieu chaque mois d'octobre \u00e0 la salle capitulaire, pour co\u00efncider avec les retrouvailles de McGill;<\/li>\n\n\n\n<li>Plus important encore, nous c\u00e9l\u00e9brerons les 100 ans de Gamma Lambda \u00e0 l\u2019Universit\u00e9 McGill en 2027.<\/li>\n<\/ol>\n\n\n\n<p><\/p>","protected":false},"excerpt":{"rendered":"<p>The Spirit of Sigma Chi The Spirit of Sigma Chi, as conceived by the Founders more than 155 years ago, yet visible and alive today, is based on the knowledge that: Friendship among members, sharing a common belief in an ideal, and possessing different temperaments, talents, and convictions, is superior to friendship among members having [&hellip;]<\/p>","protected":false},"author":1,"featured_media":0,"parent":0,"menu_order":0,"comment_status":"closed","ping_status":"closed","template":"","meta":{"om_disable_all_campaigns":false,"_monsterinsights_skip_tracking":false,"_monsterinsights_sitenote_active":false,"_monsterinsights_sitenote_note":"","_monsterinsights_sitenote_category":0,"footnotes":""},"class_list":["post-21","page","type-page","status-publish","hentry"],"aioseo_notices":[],"_links":{"self":[{"href":"https:\/\/gammalambda.ca\/fr\/wp-json\/wp\/v2\/pages\/21","targetHints":{"allow":["GET"]}}],"collection":[{"href":"https:\/\/gammalambda.ca\/fr\/wp-json\/wp\/v2\/pages"}],"about":[{"href":"https:\/\/gammalambda.ca\/fr\/wp-json\/wp\/v2\/types\/page"}],"author":[{"embeddable":true,"href":"https:\/\/gammalambda.ca\/fr\/wp-json\/wp\/v2\/users\/1"}],"replies":[{"embeddable":true,"href":"https:\/\/gammalambda.ca\/fr\/wp-json\/wp\/v2\/comments?post=21"}],"version-history":[{"count":26,"href":"https:\/\/gammalambda.ca\/fr\/wp-json\/wp\/v2\/pages\/21\/revisions"}],"predecessor-version":[{"id":926,"href":"https:\/\/gammalambda.ca\/fr\/wp-json\/wp\/v2\/pages\/21\/revisions\/926"}],"wp:attachment":[{"href":"https:\/\/gammalambda.ca\/fr\/wp-json\/wp\/v2\/media?parent=21"}],"curies":[{"name":"wp","href":"https:\/\/api.w.org\/{rel}","templated":true}]}}