{"id":130,"date":"2022-09-25T17:18:01","date_gmt":"2022-09-25T21:18:01","guid":{"rendered":"https:\/\/gammalambda.ca\/?page_id=130"},"modified":"2025-09-08T18:12:23","modified_gmt":"2025-09-08T22:12:23","slug":"donate","status":"publish","type":"page","link":"https:\/\/gammalambda.ca\/fr\/donate\/","title":{"rendered":"Faire un don"},"content":{"rendered":"<p>Pour votre commodit\u00e9, les dons peuvent \u00eatre faits par carte de cr\u00e9dit,&nbsp;<em>par Virement Interac,<\/em>&nbsp;(des institutions financi\u00e8res canadiennes seulement) ou par ch\u00e8que. Les cadeaux par carte de cr\u00e9dit peuvent \u00eatre offerts sous forme de montant r\u00e9current ou sous forme de don unique. Tous les cadeaux sont re\u00e7us avec gratitude.<\/p>\n\n\n\n<p>Pour effectuer un don&nbsp;<em>par Virement Interac,<\/em>&nbsp;veuillez envoyer votre virement \u00e9lectronique \u00e0 donate@gammalambda.ca. Aucune question de s\u00e9curit\u00e9 n'est requise.<\/p>\n\n\n\n<p>Les cadeaux par ch\u00e8que peuvent \u00eatre envoy\u00e9s \u00e0:<\/p>\n\n\n\n<p>\u200b\u200bGamma Lambda Foundation Inc. <\/p>\n\n\n\n<p>P.O. Box 411, Succursale B <\/p>\n\n\n\n<p>Montreal, QC H3B 3J7<\/p>\n\n\n\n<p>Pour faire un don \u00e0 la m\u00e9moire d'un fr\u00e8re qui a rejoint The Chapter Eternal, <strong> <\/strong>veuillez s\u00e9lectionner: <\/p>\n\n\n\n<p>\"Faites ce don en l'honneur ou \u00e0 la m\u00e9moire de quelqu'un\"&nbsp;&nbsp;<\/p>\n\n\n\n<p>TOUT HONNEUR A LEURS NOMS<\/p>\n\n\n\n<div style=\"position:relative;overflow:hidden;width:100%;height:1200px;padding-top:100%\"><iframe title=\"Donation form powered by Zeffy\" style=\"position: absolute; border: 0; top:0;left:0;bottom:0;right:0;width:100%;height:100%\" src=\"https:\/\/www.zeffy.com\/en-CA\/embed\/donation-form\/b035db11-1c9c-4da3-8e93-ff6061881319\" allowpaymentrequest=\"\" allowtransparency=\"true\"><\/iframe><\/div>\n\n\n\n<p><strong>Veuillez noter que les dons \u00e0 la Fondation Gamma Lambda Inc. ne sont pas d\u00e9ductibles d'imp\u00f4t en raison des r\u00e8gles de l'Agence du revenu du Canada. Si vous avez encore besoin d'un re\u00e7u, un re\u00e7u vous sera d\u00e9livr\u00e9 sur demande.<\/strong><\/p>\n\n\n\n<p><em><strong>Pour rappel, pendant notre campagne actuelle, vous pouvez devenir membre de \u00ab\u00a0The Gamma Lambda 100\u00a0\u00bb en faisant don de 1\u00a0% de notre objectif de collecte de fonds d'ici le Wine &amp; Cheese 2026\u00a0!&nbsp;&nbsp;<\/strong><\/em><\/p>\n\n\n\n<p><em><strong>En tant que membre de \u00ab\u00a0The Gamma Lambda 100\u00a0\u00bb, faites un don cumulatif de plus de 4\u00a0000\u00a0$ CA entre mai\u00a02025 et octobre\u00a02026\u2026 et si le 3581 University est vendu avant\u00a02030, votre don vous sera rembours\u00e9 apr\u00e8s la vente de la propri\u00e9t\u00e9.&nbsp;&nbsp;<\/strong><\/em>&nbsp;&nbsp;&nbsp;<\/p>","protected":false},"excerpt":{"rendered":"<p>For your convenience, gifts may be made by credit card,&nbsp;Interac&nbsp;eTransfer (from Canadian financial institutions only) or by cheque. Credit card gifts may be given as a recurring amount or as a one-time donation. All gifts are gratefully received. To make an&nbsp;Interac&nbsp;e-Transfer please send to donate@gammalambda.ca. A security question is not required. Gifts by cheque may [&hellip;]<\/p>","protected":false},"author":1,"featured_media":0,"parent":0,"menu_order":7,"comment_status":"closed","ping_status":"closed","template":"","meta":{"om_disable_all_campaigns":false,"_monsterinsights_skip_tracking":false,"_monsterinsights_sitenote_active":false,"_monsterinsights_sitenote_note":"","_monsterinsights_sitenote_category":0,"footnotes":""},"class_list":["post-130","page","type-page","status-publish","hentry"],"aioseo_notices":[],"_links":{"self":[{"href":"https:\/\/gammalambda.ca\/fr\/wp-json\/wp\/v2\/pages\/130","targetHints":{"allow":["GET"]}}],"collection":[{"href":"https:\/\/gammalambda.ca\/fr\/wp-json\/wp\/v2\/pages"}],"about":[{"href":"https:\/\/gammalambda.ca\/fr\/wp-json\/wp\/v2\/types\/page"}],"author":[{"embeddable":true,"href":"https:\/\/gammalambda.ca\/fr\/wp-json\/wp\/v2\/users\/1"}],"replies":[{"embeddable":true,"href":"https:\/\/gammalambda.ca\/fr\/wp-json\/wp\/v2\/comments?post=130"}],"version-history":[{"count":35,"href":"https:\/\/gammalambda.ca\/fr\/wp-json\/wp\/v2\/pages\/130\/revisions"}],"predecessor-version":[{"id":791,"href":"https:\/\/gammalambda.ca\/fr\/wp-json\/wp\/v2\/pages\/130\/revisions\/791"}],"wp:attachment":[{"href":"https:\/\/gammalambda.ca\/fr\/wp-json\/wp\/v2\/media?parent=130"}],"curies":[{"name":"wp","href":"https:\/\/api.w.org\/{rel}","templated":true}]}}